{"id":16403,"date":"2018-12-17T10:08:38","date_gmt":"2018-12-17T10:08:38","guid":{"rendered":"https:\/\/www.aquavivasystem.com\/?page_id=16403"},"modified":"2026-03-16T14:58:23","modified_gmt":"2026-03-16T13:58:23","slug":"home-2","status":"publish","type":"page","link":"https:\/\/www.aquavivasystem.com\/es\/","title":{"rendered":"Home"},"content":{"rendered":"<p>[vc_row css_animation=\u00bb\u00bb row_type=\u00bbrow\u00bb use_row_as_full_screen_section=\u00bbno\u00bb type=\u00bbfull_width\u00bb angled_section=\u00bbno\u00bb text_align=\u00bbleft\u00bb background_image_as_pattern=\u00bbwithout_pattern\u00bb][vc_column][vc_raw_html]JTNDZGl2JTIwc3R5bGUlM0QlMjJwb3NpdGlvbiUzQXJlbGF0aXZlJTNCd2lkdGglM0ExMDAlMjUlM0JtYXgtd2lkdGglM0ExMDAlMjUlM0Jhc3BlY3QtcmF0aW8lM0ExNiUyRjklM0JvdmVyZmxvdyUzQWhpZGRlbiUzQiUyMiUzRSUwQSUwQSUyMCUyMCUzQ2lmcmFtZSUwQSUyMCUyMCUyMCUyMHNyYyUzRCUyMmh0dHBzJTNBJTJGJTJGd3d3LnlvdXR1YmUtbm9jb29raWUuY29tJTJGZW1iZWQlMkZDMkhIaVBCeVNpTSUzRmF1dG9wbGF5JTNEMSUyNm11dGUlM0QxJTI2bG9vcCUzRDElMjZwbGF5bGlzdCUzREMySEhpUEJ5U2lNJTI2Y29udHJvbHMlM0QwJTI2bW9kZXN0YnJhbmRpbmclM0QxJTI2cmVsJTNEMCUyNml2X2xvYWRfcG9saWN5JTNEMyUyMiUwQSUyMCUyMCUyMCUyMHN0eWxlJTNEJTIyd2lkdGglM0ExMDAlMjUlM0JoZWlnaHQlM0ExMDAlMjUlM0Jib3JkZXIlM0EwJTNCJTIyJTBBJTIwJTIwJTIwJTIwYWxsb3clM0QlMjJhdXRvcGxheSUzQiUyMGZ1bGxzY3JlZW4lMjIlMEElMjAlMjAlMjAlMjBhbGxvd2Z1bGxzY3JlZW4lM0UlMEElMjAlMjAlM0MlMkZpZnJhbWUlM0UlMEElMEElMjAlMjAlM0NkaXYlMjBzdHlsZSUzRCUyMnBvc2l0aW9uJTNBYWJzb2x1dGUlM0J0b3AlM0EwJTNCbGVmdCUzQTAlM0J3aWR0aCUzQTEwMCUyNSUzQmhlaWdodCUzQTEwMCUyNSUzQnotaW5kZXglM0EyJTNCYmFja2dyb3VuZCUzQXRyYW5zcGFyZW50JTNCJTIyJTNFJTNDJTJGZGl2JTNFJTBBJTBBJTNDJTJGZGl2JTNF[\/vc_raw_html][\/vc_column][\/vc_row][vc_row css_animation=\u00bb\u00bb row_type=\u00bbrow\u00bb use_row_as_full_screen_section=\u00bbno\u00bb type=\u00bbgrid\u00bb angled_section=\u00bbno\u00bb text_align=\u00bbleft\u00bb background_image_as_pattern=\u00bbwithout_pattern\u00bb background_color=\u00bb#ffffff\u00bb padding_top=\u00bb42&#8243;][vc_column]<div class=\"custom_font_holder\" style=\"font-family: Lato; font-style: normal; font-weight: 900; text-decoration: none; text-align: left;\">\n<h1><span style=\"color: #0055b2;\">AQUA VIVA<\/span><span style=\"color: #161616;\"> sistema de limpieza multifuncional<\/span> <span style=\"color: #0055b2;\">para cada hogar.<\/span><\/h1>\n<\/div>[vc_separator type=\u00bbsmall\u00bb position=\u00bbleft\u00bb up=\u00bb42&#8243; down=\u00bb42&#8243;][vc_column_text]<\/p>\n<p style=\"font-size: 18px;\">Aqua Viva es un sistema de limpieza multifuncional de nueva generaci\u00f3n, listo para limpiar sus habitaciones y el aire.<\/p>\n<p style=\"font-size: 18px;\">La aspiradora de alta potencia Aqua Viva con filtro de agua utiliza la potencia del agua para limpiar detenidamente el espacio habitable y filtrar el aire &#8211; del mismo modo que la naturaleza. El polvo, los al\u00e9rgenos y otra suciedad quedan atrapados en el agua y el aire se vuelve fresco de nuevo para que Usted pueda disfrutar de un ambiente limpio.<\/p>\n<p>&nbsp;<\/p>\n<p style=\"font-size: 18px;\">La aspiradora de alta potencia Aqua Viva con filtro de agua es una elecci\u00f3n perfecta para las personas que padecen enfermedades pulmonares (asma, bronquitis, resfriados frecuentes, &#8230;), enfermedades cardiovasculares, para las personas mayores y las que sufren de diferentes alergias; tambi\u00e9n es una elecci\u00f3n excelente para los due\u00f1os de mascotas.<\/p>\n<p>&nbsp;<\/p>\n<p style=\"font-size: 18px;\">Es muy apreciada por la versatilidad de su uso, ya que ofrece no solo limpieza en seco y en h\u00famedo, sino tambi\u00e9n limpieza y filtraci\u00f3n del aire, aromaterapia, inhalaci\u00f3n, humidificaci\u00f3n del aire y limpieza de alta potencia de todo tipo de superficies textiles y muebles acolchados.<\/p>\n<p>[\/vc_column_text][vc_separator type=\u00bbtransparent\u00bb up=\u00bb19&#8243; down=\u00bb0&#8243;][vc_gallery type=\u00bbimage_grid\u00bb images=\u00bb16405,16406,16436&#8243; img_size=\u00bblarge\u00bb css_animation=\u00bbnone\u00bb column_number=\u00bb3&#8243; grayscale=\u00bbyes\u00bb images_space=\u00bbgallery_with_space\u00bb][vc_separator type=\u00bbsmall\u00bb position=\u00bbleft\u00bb up=\u00bb57&#8243; down=\u00bb42&#8243;][\/vc_column][\/vc_row][vc_row css_animation=\u00bb\u00bb row_type=\u00bbrow\u00bb use_row_as_full_screen_section=\u00bbno\u00bb type=\u00bbgrid\u00bb angled_section=\u00bbno\u00bb text_align=\u00bbleft\u00bb background_image_as_pattern=\u00bbwithout_pattern\u00bb background_color=\u00bb#ffffff\u00bb padding_top=\u00bb0&#8243;][vc_column][vc_column_text]<\/p>\n<h2><span style=\"color: #0055b2;\">\u00bfDe qu\u00e9 estamos m\u00e1s orgullosos?<\/span><span style=\"color: #0055b2;\"><strong>\u00a0<\/strong><\/span><\/h2>\n<p>[\/vc_column_text][vc_separator type=\u00bbtransparent\u00bb up=\u00bb12&#8243; down=\u00bb0&#8243;][vc_column_text]<\/p>\n<p style=\"font-size: 18px;\">Estamos orgullosos de una d\u00e9cada de nuestro trabajo y del hecho de que Aqua Viva, la aspiradora de alta potencia, ha sido dise\u00f1ada y producida en Eslovenia. Aqua Viva, la aspiradora de alta potencia, recibi\u00f3 el premio a la mejor innovaci\u00f3n, tecnolog\u00eda y dise\u00f1o en 2014.<\/p>\n<p>[\/vc_column_text][vc_separator type=\u00bbtransparent\u00bb up=\u00bb51&#8243; down=\u00bb0&#8243;]<div class=\"custom_font_holder\" style=\"font-family: Lato; font-size: 34px; line-height: 36px; font-style: normal; font-weight: 900; text-decoration: none; text-align: left;\"><span style=\"color: #0055b2;\">Al decidir comprar<\/span><span style=\"color: #161616;\"> el sistema de limpieza Aqua Viva, Usted llega a formar parte de nuestra familia en la que valoramos el medio ambiente, la eficiencia y la calidad de <span style=\"color: #0055b2;\">una vida saludable.<\/span><\/div>[vc_separator type=\u00bbtransparent\u00bb up=\u00bb51&#8243; down=\u00bb0&#8243;][\/vc_column][\/vc_row][vc_row css_animation=\u00bb\u00bb row_type=\u00bbrow\u00bb use_row_as_full_screen_section=\u00bbyes\u00bb type=\u00bbfull_width\u00bb angled_section=\u00bbno\u00bb text_align=\u00bbleft\u00bb background_image_as_pattern=\u00bbwithout_pattern\u00bb][vc_column]<div class=\"call_to_action normal\" style=\"\"><div class=\"container_inner\"><div class=\"two_columns_75_25 clearfix\"><div class=\"text_wrapper column1\"><div class=\"call_to_action_text \" style=\"\">\u00bfLe gustar\u00eda solicitar una demostraci\u00f3n de Aqua Viva en la comodidad de su propio hogar?<\/div><\/div><div class=\"button_wrapper column2\"><a itemprop=\"url\" href=\"https:\/\/www.aquavivasystem.com\/es\/contactenos\/\" class=\"qbutton white \" target=\"_self\" style=\"\" data-hover-background-color=#81d742 >CONTACTO<\/a><\/div><\/div><\/div><\/div>[\/vc_column][\/vc_row][vc_row css_animation=\u00bb\u00bb row_type=\u00bbrow\u00bb use_row_as_full_screen_section=\u00bbno\u00bb type=\u00bbfull_width\u00bb angled_section=\u00bbno\u00bb text_align=\u00bbleft\u00bb background_image_as_pattern=\u00bbwithout_pattern\u00bb][vc_column][vc_column_text]<\/span>[\/vc_column_text][\/vc_column][\/vc_row]<\/p>\n","protected":false},"excerpt":{"rendered":"<p>[vc_row css_animation=\u00bb\u00bb row_type=\u00bbrow\u00bb use_row_as_full_screen_section=\u00bbno\u00bb type=\u00bbfull_width\u00bb angled_section=\u00bbno\u00bb text_align=\u00bbleft\u00bb background_image_as_pattern=\u00bbwithout_pattern\u00bb][vc_column][vc_raw_html]JTNDZGl2JTIwc3R5bGUlM0QlMjJwb3NpdGlvbiUzQXJlbGF0aXZlJTNCd2lkdGglM0ExMDAlMjUlM0JtYXgtd2lkdGglM0ExMDAlMjUlM0Jhc3BlY3QtcmF0aW8lM0ExNiUyRjklM0JvdmVyZmxvdyUzQWhpZGRlbiUzQiUyMiUzRSUwQSUwQSUyMCUyMCUzQ2lmcmFtZSUwQSUyMCUyMCUyMCUyMHNyYyUzRCUyMmh0dHBzJTNBJTJGJTJGd3d3LnlvdXR1YmUtbm9jb29raWUuY29tJTJGZW1iZWQlMkZDMkhIaVBCeVNpTSUzRmF1dG9wbGF5JTNEMSUyNm11dGUlM0QxJTI2bG9vcCUzRDElMjZwbGF5bGlzdCUzREMySEhpUEJ5U2lNJTI2Y29udHJvbHMlM0QwJTI2bW9kZXN0YnJhbmRpbmclM0QxJTI2cmVsJTNEMCUyNml2X2xvYWRfcG9saWN5JTNEMyUyMiUwQSUyMCUyMCUyMCUyMHN0eWxlJTNEJTIyd2lkdGglM0ExMDAlMjUlM0JoZWlnaHQlM0ExMDAlMjUlM0Jib3JkZXIlM0EwJTNCJTIyJTBBJTIwJTIwJTIwJTIwYWxsb3clM0QlMjJhdXRvcGxheSUzQiUyMGZ1bGxzY3JlZW4lMjIlMEElMjAlMjAlMjAlMjBhbGxvd2Z1bGxzY3JlZW4lM0UlMEElMjAlMjAlM0MlMkZpZnJhbWUlM0UlMEElMEElMjAlMjAlM0NkaXYlMjBzdHlsZSUzRCUyMnBvc2l0aW9uJTNBYWJzb2x1dGUlM0J0b3AlM0EwJTNCbGVmdCUzQTAlM0J3aWR0aCUzQTEwMCUyNSUzQmhlaWdodCUzQTEwMCUyNSUzQnotaW5kZXglM0EyJTNCYmFja2dyb3VuZCUzQXRyYW5zcGFyZW50JTNCJTIyJTNFJTNDJTJGZGl2JTNFJTBBJTBBJTNDJTJGZGl2JTNF[\/vc_raw_html][\/vc_column][\/vc_row][vc_row css_animation=\u00bb\u00bb row_type=\u00bbrow\u00bb use_row_as_full_screen_section=\u00bbno\u00bb type=\u00bbgrid\u00bb angled_section=\u00bbno\u00bb text_align=\u00bbleft\u00bb background_image_as_pattern=\u00bbwithout_pattern\u00bb background_color=\u00bb#ffffff\u00bb padding_top=\u00bb42&#8243;][vc_column][vc_separator type=\u00bbsmall\u00bb position=\u00bbleft\u00bb up=\u00bb42&#8243; down=\u00bb42&#8243;][vc_column_text] Aqua Viva es un sistema de limpieza multifuncional de nueva generaci\u00f3n, listo para limpiar sus habitaciones y el aire. La aspiradora de alta potencia&#8230;<\/p>\n","protected":false},"author":1,"featured_media":0,"parent":0,"menu_order":0,"comment_status":"open","ping_status":"open","template":"full_width.php","meta":{"_uf_show_specific_survey":0,"_uf_disable_surveys":false,"footnotes":""},"class_list":["post-16403","page","type-page","status-publish","hentry"],"_links":{"self":[{"href":"https:\/\/www.aquavivasystem.com\/es\/wp-json\/wp\/v2\/pages\/16403","targetHints":{"allow":["GET"]}}],"collection":[{"href":"https:\/\/www.aquavivasystem.com\/es\/wp-json\/wp\/v2\/pages"}],"about":[{"href":"https:\/\/www.aquavivasystem.com\/es\/wp-json\/wp\/v2\/types\/page"}],"author":[{"embeddable":true,"href":"https:\/\/www.aquavivasystem.com\/es\/wp-json\/wp\/v2\/users\/1"}],"replies":[{"embeddable":true,"href":"https:\/\/www.aquavivasystem.com\/es\/wp-json\/wp\/v2\/comments?post=16403"}],"version-history":[{"count":11,"href":"https:\/\/www.aquavivasystem.com\/es\/wp-json\/wp\/v2\/pages\/16403\/revisions"}],"predecessor-version":[{"id":16730,"href":"https:\/\/www.aquavivasystem.com\/es\/wp-json\/wp\/v2\/pages\/16403\/revisions\/16730"}],"wp:attachment":[{"href":"https:\/\/www.aquavivasystem.com\/es\/wp-json\/wp\/v2\/media?parent=16403"}],"curies":[{"name":"wp","href":"https:\/\/api.w.org\/{rel}","templated":true}]}}