{"id":16369,"date":"2018-12-12T09:25:44","date_gmt":"2018-12-12T09:25:44","guid":{"rendered":"https:\/\/www.aquavivasystem.com\/?page_id=16369"},"modified":"2023-12-12T10:13:59","modified_gmt":"2023-12-12T09:13:59","slug":"aqua-viva-aspirapolvere-ad-alta-potenza","status":"publish","type":"page","link":"https:\/\/www.aquavivasystem.com\/it\/aqua-viva-aspirapolvere-ad-alta-potenza\/","title":{"rendered":"Aqua Viva \u00e8 un aspirapolvere ad alta potenza"},"content":{"rendered":"<p>[vc_row css_animation=&#8221;&#8221; row_type=&#8221;row&#8221; use_row_as_full_screen_section=&#8221;no&#8221; type=&#8221;grid&#8221; angled_section=&#8221;no&#8221; text_align=&#8221;left&#8221; background_image_as_pattern=&#8221;without_pattern&#8221; padding_top=&#8221;30&#8243;][vc_column][vc_column_text]<\/p>\n<p style=\"font-size: 18px;\">L&#8217;aspirapolvere ad alta potenza Aqua Viva con filtro ad acqua abilita la pulizia classica e ad alta potenza, pulizia con l&#8217;acqua ed a secco, pulizia di tappeti, divani, materassi ed altri mobili imbottiti e allo stesso tempo pulisce l&#8217;aria, quindi \u00e8 consigliato per gli asmatici, persone allergiche e tutti coloro che apprezzano un ambiente di vita sano.<\/p>\n<p>[\/vc_column_text][\/vc_column][\/vc_row][vc_row css_animation=&#8221;&#8221; row_type=&#8221;row&#8221; use_row_as_full_screen_section=&#8221;no&#8221; type=&#8221;grid&#8221; angled_section=&#8221;no&#8221; text_align=&#8221;left&#8221; background_image_as_pattern=&#8221;without_pattern&#8221; background_color=&#8221;#ffffff&#8221; padding_top=&#8221;90&#8243; padding_bottom=&#8221;35&#8243;][vc_column width=&#8221;1\/2&#8243;][vc_single_image image=&#8221;16370&#8243; img_size=&#8221;full&#8221; alignment=&#8221;center&#8221; qode_css_animation=&#8221;element_from_left&#8221; transition_delay=&#8221;0.3&#8243;][\/vc_column][vc_column width=&#8221;1\/2&#8243;][vc_separator type=&#8221;transparent&#8221; up=&#8221;42&#8243; down=&#8221;0&#8243;][vc_column_text]<\/p>\n<h2><span style=\"color: #0055b2;\">L&#8217;aria umida non rimane nella stanza<\/span><\/h2>\n<p>[\/vc_column_text][vc_separator type=&#8221;transparent&#8221; up=&#8221;0&#8243; down=&#8221;12&#8243;][vc_column_text]<\/p>\n<p style=\"font-size: 18px;\">L&#8217;aspirapolvere ad alta potenza Aqua Viva dotato di filtro ad acqua utilizza l&#8217;acqua come elemento naturale pi\u00f9 forte per catturare lo sporco e gli odori sgradevoli, lavarli e riportarli freschi nella stanza. Consente la filtrazione su tre livelli: Acqua, Separatore, Filtro Hepa.<\/p>\n<p>[\/vc_column_text][vc_separator type=&#8221;small&#8221; position=&#8221;left&#8221; color=&#8221;#0055b2&#8243; thickness=&#8221;small&#8221; up=&#8221;57&#8243; down=&#8221;60&#8243;][\/vc_column][\/vc_row][vc_row css_animation=&#8221;&#8221; row_type=&#8221;row&#8221; use_row_as_full_screen_section=&#8221;no&#8221; type=&#8221;grid&#8221; angled_section=&#8221;no&#8221; text_align=&#8221;left&#8221; background_image_as_pattern=&#8221;without_pattern&#8221; background_color=&#8221;#ffffff&#8221; padding_top=&#8221;44&#8243; padding_bottom=&#8221;0&#8243;][vc_column][vc_separator type=&#8221;transparent&#8221; up=&#8221;42&#8243; down=&#8221;0&#8243;][vc_column_text]<\/p>\n<h2><span style=\"color: #0055b2;\">Praticamente 100% pulito<\/span><\/h2>\n<p>[\/vc_column_text][vc_separator type=&#8221;transparent&#8221; up=&#8221;0&#8243; down=&#8221;12&#8243;][vc_column_text]<\/p>\n<p style=\"font-size: 18px;\">L&#8217;aspirapolvere ad alta potenza Aqua Viva con un filtro ad acqua cattura lo sporco domestico tipico mentre altre particelle microscopicamente piccole rimangono intrappolate nel sistema di filtri di neutralizzazione HEPA. Il filtro Hepa trattiene particelle di polvere fino a 0,3 micron e pu\u00f2 essere efficace nel 99,98% dei casi. Se lo mettiamo matematicamente, un micron equivale a un milionesimo di metro, quindi 0,3 di un micron pone il filtro hepa nella classa della efficienza massima. Questa filtrazione a due livelli elimina quasi il 100% dello sporco e dell&#8217;inquinamento dalla tua casa.<\/p>\n<p>[\/vc_column_text][vc_column_text]<\/p>\n<p style=\"font-size: 18px;\">L&#8217;aspirapolvere ad alta potenza Aqua Viva con un filtro ad acqua scorre facilmente sul pavimento, e diversi accessori e spazzole consentono di pulire ogni angolo e di rimuovere tutti i peli lasciati dai animali domestici, cos\u00ec puo godere di una casa perfettamente pulita. Gli accessori e le spazzole per diversi tipi di pulizia possono essere facilmente cambiati in un attimo.<\/p>\n<p style=\"font-size: 18px;\">La potenza del motore e la gestione dell&#8217;unit\u00e0 Potenza del motore pu\u00f2 essere essere aumentata o ridotta premendo l&#8217;interruttore. L&#8217;unit\u00e0 \u00e8 gestita dai pulsanti di controllo sul touch screen elettronico.<\/p>\n<p>[\/vc_column_text][vc_separator type=&#8221;small&#8221; position=&#8221;right&#8221; up=&#8221;57&#8243; down=&#8221;60&#8243;][\/vc_column][\/vc_row][vc_row css_animation=&#8221;&#8221; row_type=&#8221;row&#8221; use_row_as_full_screen_section=&#8221;yes&#8221; type=&#8221;full_width&#8221; angled_section=&#8221;no&#8221; text_align=&#8221;left&#8221; background_image_as_pattern=&#8221;without_pattern&#8221; background_color=&#8221;#0055b2&#8243;][vc_column css=&#8221;.vc_custom_1510130622534{padding-top: 5px !important;padding-right: 50px !important;padding-bottom: 5px !important;padding-left: 50px !important;}&#8221;][vc_video link=&#8221;https:\/\/youtu.be\/sIWrpbZkwqc&#8221; el_width=&#8221;90&#8243; align=&#8221;center&#8221;][\/vc_column][\/vc_row][vc_row css_animation=&#8221;&#8221; row_type=&#8221;row&#8221; use_row_as_full_screen_section=&#8221;no&#8221; type=&#8221;grid&#8221; angled_section=&#8221;no&#8221; text_align=&#8221;left&#8221; background_image_as_pattern=&#8221;without_pattern&#8221; background_color=&#8221;#ffffff&#8221; padding_top=&#8221;20&#8243; padding_bottom=&#8221;35&#8243;][vc_column width=&#8221;1\/2&#8243;][vc_separator type=&#8221;transparent&#8221; up=&#8221;42&#8243; down=&#8221;0&#8243;][vc_column_text]<\/p>\n<h2><span style=\"color: #0055b2;\">Pulizia e umidificazione dell&#8217;aria, aromaterapia, inalazioni<\/span><\/h2>\n<p>[\/vc_column_text][vc_separator type=&#8221;transparent&#8221; up=&#8221;0&#8243; down=&#8221;12&#8243;][vc_column_text]<\/p>\n<p style=\"font-size: 18px;\">L&#8217;aspirapolvere ad alta potenza Aqua Viva con filtro ad acqua pulisce l&#8217;aria nella stanza fino a quasi 100%, umidificandola nello stesso tempo e quindi ha un sano impatto sull&#8217;ambiente. Aggiungendo all&#8217;acqua gli oli eterici scelti, otteniamo l&#8217;attivit\u00e0 terapeutica aromatica, che migliora il nostro benessere generale e stimola la vitalit\u00e0 fisica e spirituale. L&#8217;aromaterapia neutralizza anche gli odori pi\u00f9 ostinati, come: il fumo di tabacco, l&#8217;odore degli animale, l&#8217;odore dalla cucina, ecc. Il separatore nel sistema che ruota a 23 &#8211; 30.000 rotazioni al minuto separa le particelle di sporco e il polvere dall&#8217;aria, l&#8217;aria dall&#8217;acqua e l&#8217;acqua dal motore.<\/p>\n<p>[\/vc_column_text][vc_separator type=&#8221;small&#8221; position=&#8221;left&#8221; up=&#8221;57&#8243; down=&#8221;60&#8243;][\/vc_column][vc_column width=&#8221;1\/2&#8243;][vc_single_image image=&#8221;16372&#8243; img_size=&#8221;full&#8221; alignment=&#8221;center&#8221; qode_css_animation=&#8221;element_from_right&#8221; transition_delay=&#8221;0.3&#8243;][\/vc_column][\/vc_row][vc_row css_animation=&#8221;&#8221; row_type=&#8221;row&#8221; use_row_as_full_screen_section=&#8221;no&#8221; type=&#8221;grid&#8221; angled_section=&#8221;no&#8221; text_align=&#8221;left&#8221; background_image_as_pattern=&#8221;without_pattern&#8221;][vc_column]<div class='cover_boxes' data-active-element='1'><ul class='clearfix'><li><div class='box'><a itemprop='url' class='thumb' href='' target='_self'><img itemprop='image' alt='SPAZZOLA MULTIFUNZIONE' src='https:\/\/www.aquavivasystem.com\/wp-content\/uploads\/2017\/08\/multi-functional-brush-vacuum-cleaner-attachmen.jpg' \/><\/a><div class='box_content'><h3  style='color:#0055b2''>SPAZZOLA MULTIFUNZIONE<\/h3><p >Progettato per la pulizia generale e l'aspirazione di tutte le superfici del pavimento e dei mobili imbottiti.<\/p><\/div><\/div><\/li><li><div class='box'><a itemprop='url' class='thumb' href='' target='_self'><img itemprop='image' alt='SPAZZOLA GRANDE CON LE SETOLE NATURALI' src='https:\/\/www.aquavivasystem.com\/wp-content\/uploads\/2017\/08\/big-brush-vacuum-cleaner-attachment-with-natural-bristles.jpg' \/><\/a><div class='box_content'><h3  style='color:#0055b2''>SPAZZOLA GRANDE CON LE SETOLE NATURALI<\/h3><p >Pulisce efficacemente le superfici lisce del pavimento (ceramica, linoleum, parquet) e le pareti.<\/p><\/div><\/div><\/li><li><div class='box'><a itemprop='url' class='thumb' href='' target='_self'><img itemprop='image' alt='ACCESSORE RETTANGOLARE CON LE SETOLE NATURALI' src='https:\/\/www.aquavivasystem.com\/wp-content\/uploads\/2017\/08\/rectangular-vacuum-cleaner-attachment-with-natural-bristles.jpg' \/><\/a><div class='box_content'><h3  style='color:#0055b2''>ACCESSORE RETTANGOLARE CON LE SETOLE NATURALI<\/h3><p >Per le parti difficilmente accessabili dell'apparta-mento e per le superfici sensibili che non devono essere graffiate.<\/p><\/div><\/div><\/li><\/ul><\/div><div class='cover_boxes' data-active-element='1'><ul class='clearfix'><li><div class='box'><a itemprop='url' class='thumb' href='' target='_self'><img itemprop='image' alt='ACCESSORE ROTONDO CON LE SETOLE NATURALI PER LA PULIZIONE DAL POLVERE' src='https:\/\/www.aquavivasystem.com\/wp-content\/uploads\/2017\/08\/round-vacuum-cleaner-attachment-with-natural-bristles.jpg' \/><\/a><div class='box_content'><h3  style='color:#0055b2''>ACCESSORE ROTONDO CON LE SETOLE NATURALI PER LA PULIZIONE DAL POLVERE<\/h3><p >Per l'aspirazione gentile degli oggetti sensibili; insostituibile per la pulizia di tende alla veneziana, ombrelloni, lampadari, tende, piante da interno, ecc<\/p><\/div><\/div><\/li><li><div class='box'><a itemprop='url' class='thumb' href='' target='_self'><img itemprop='image' alt='TUBO STRETTO' src='https:\/\/www.aquavivasystem.com\/wp-content\/uploads\/2017\/08\/narrow-hose-vacuum-cleaner-attachment.jpg' \/><\/a><div class='box_content'><h3  style='color:#0055b2''>TUBO STRETTO<\/h3><p >Tubo stretto per fessure, bordi e angoli delle superfici dure e i mobili imbottiti a casa o in auto.<\/p><\/div><\/div><\/li><li><div class='box'><a itemprop='url' class='thumb' href='' target='_self'><img itemprop='image' alt='SUPPORTO PER GLI ALLEGATI' src='https:\/\/www.aquavivasystem.com\/wp-content\/uploads\/2017\/08\/vacuum-cleaner-attachment-holder.jpg' \/><\/a><div class='box_content'><h3  style='color:#0055b2''>SUPPORTO PER GLI ALLEGATI<\/h3><p >Modo semplice ma efficace per conservare tutti gli accessori per l'aspirapolvere Aqua VIva<\/p><\/div><\/div><\/li><\/ul><\/div>[\/vc_column][\/vc_row][vc_row css_animation=&#8221;&#8221; row_type=&#8221;row&#8221; use_row_as_full_screen_section=&#8221;no&#8221; type=&#8221;grid&#8221; angled_section=&#8221;no&#8221; text_align=&#8221;left&#8221; background_image_as_pattern=&#8221;without_pattern&#8221; padding_bottom=&#8221;40&#8243;][vc_column width=&#8221;5\/6&#8243;][\/vc_column][vc_column width=&#8221;1\/6&#8243;]<div class=\"social_share_list_holder\"><span>Share on: <\/span><ul><li class=\"facebook_share\"><a title=\"Share on Facebook\" href=\"javascript:void(0)\" onclick=\"window.open('http:\/\/www.facebook.com\/sharer.php?u=https%3A%2F%2Fwww.aquavivasystem.com%2Fit%2Faqua-viva-aspirapolvere-ad-alta-potenza%2F', 'sharer', 'toolbar=0,status=0,width=620,height=280');\"><i class=\"fa fa-facebook\"><\/i><\/a><\/li><li class=\"twitter_share\"><a href=\"#\" title=\"Share on Twitter\" onclick=\"popUp=window.open('http:\/\/twitter.com\/home?status=%5Bvc_row+css_animation%3D%26%238221%3B%26%238221%3B+row_type%3D%26%238221%3Brow%26%238221%3B+https:\/\/www.aquavivasystem.com\/it\/aqua-viva-aspirapolvere-ad-alta-potenza\/', 'popupwindow', 'scrollbars=yes,width=800,height=400');popUp.focus();return false;\"><i class=\"fa fa-twitter\"><\/i><\/a><\/li><li  class=\"google_share\"><a href=\"#\" title=\"Share on Google+\" onclick=\"popUp=window.open('https:\/\/plus.google.com\/share?url=https%3A%2F%2Fwww.aquavivasystem.com%2Fit%2Faqua-viva-aspirapolvere-ad-alta-potenza%2F', 'popupwindow', 'scrollbars=yes,width=800,height=400');popUp.focus();return false\"><i class=\"fa fa-google-plus\"><\/i><\/a><\/li><li  class=\"linkedin_share\"><a href=\"#\" class=\"Share on LinkedIn\" onclick=\"popUp=window.open('http:\/\/linkedin.com\/shareArticle?mini=true&amp;url=https%3A%2F%2Fwww.aquavivasystem.com%2Fit%2Faqua-viva-aspirapolvere-ad-alta-potenza%2F&amp;title=Aqua+Viva+%C3%A8+un+aspirapolvere+ad+alta+potenza', 'popupwindow', 'scrollbars=yes,width=800,height=400');popUp.focus();return false\"><i class=\"fa fa-linkedin\"><\/i><\/a><\/li><li  class=\"pinterest_share\"><a href=\"#\" title=\"Share on Pinterest\" onclick=\"popUp=window.open('http:\/\/pinterest.com\/pin\/create\/button\/?url=https%3A%2F%2Fwww.aquavivasystem.com%2Fit%2Faqua-viva-aspirapolvere-ad-alta-potenza%2F&amp;description=Aqua Viva \u00e8 un aspirapolvere ad alta potenza&amp;media=', 'popupwindow', 'scrollbars=yes,width=800,height=400');popUp.focus();return false\"><i class=\"fa fa-pinterest\"><\/i><\/a><\/li><\/ul><\/div>[\/vc_column][\/vc_row]<\/p>\n","protected":false},"excerpt":{"rendered":"<p>[vc_row css_animation=&#8221;&#8221; row_type=&#8221;row&#8221; use_row_as_full_screen_section=&#8221;no&#8221; type=&#8221;grid&#8221; angled_section=&#8221;no&#8221; text_align=&#8221;left&#8221; background_image_as_pattern=&#8221;without_pattern&#8221; padding_top=&#8221;30&#8243;][vc_column][vc_column_text] L&#8217;aspirapolvere ad alta potenza Aqua Viva con filtro ad acqua abilita la pulizia classica e ad alta potenza, pulizia con l&#8217;acqua ed a secco, pulizia di tappeti, divani, materassi ed altri mobili imbottiti e allo stesso&#8230;<\/p>\n","protected":false},"author":1,"featured_media":0,"parent":0,"menu_order":0,"comment_status":"open","ping_status":"open","template":"full_width.php","meta":{"_uf_show_specific_survey":0,"_uf_disable_surveys":false,"footnotes":""},"class_list":["post-16369","page","type-page","status-publish","hentry"],"_links":{"self":[{"href":"https:\/\/www.aquavivasystem.com\/it\/wp-json\/wp\/v2\/pages\/16369","targetHints":{"allow":["GET"]}}],"collection":[{"href":"https:\/\/www.aquavivasystem.com\/it\/wp-json\/wp\/v2\/pages"}],"about":[{"href":"https:\/\/www.aquavivasystem.com\/it\/wp-json\/wp\/v2\/types\/page"}],"author":[{"embeddable":true,"href":"https:\/\/www.aquavivasystem.com\/it\/wp-json\/wp\/v2\/users\/1"}],"replies":[{"embeddable":true,"href":"https:\/\/www.aquavivasystem.com\/it\/wp-json\/wp\/v2\/comments?post=16369"}],"version-history":[{"count":3,"href":"https:\/\/www.aquavivasystem.com\/it\/wp-json\/wp\/v2\/pages\/16369\/revisions"}],"predecessor-version":[{"id":16595,"href":"https:\/\/www.aquavivasystem.com\/it\/wp-json\/wp\/v2\/pages\/16369\/revisions\/16595"}],"wp:attachment":[{"href":"https:\/\/www.aquavivasystem.com\/it\/wp-json\/wp\/v2\/media?parent=16369"}],"curies":[{"name":"wp","href":"https:\/\/api.w.org\/{rel}","templated":true}]}}