{"id":16100,"date":"2017-09-11T12:14:55","date_gmt":"2017-09-11T12:14:55","guid":{"rendered":"http:\/\/www.aquavivasystem.com\/?page_id=16100"},"modified":"2026-03-16T12:19:06","modified_gmt":"2026-03-16T11:19:06","slug":"home-2","status":"publish","type":"page","link":"https:\/\/www.aquavivasystem.com\/sl\/","title":{"rendered":"Domov"},"content":{"rendered":"<p>[vc_row css_animation=&#8221;&#8221; row_type=&#8221;row&#8221; use_row_as_full_screen_section=&#8221;no&#8221; type=&#8221;full_width&#8221; angled_section=&#8221;no&#8221; text_align=&#8221;left&#8221; background_image_as_pattern=&#8221;without_pattern&#8221;][vc_column][vc_raw_html]JTNDZGl2JTIwc3R5bGUlM0QlMjJwb3NpdGlvbiUzQXJlbGF0aXZlJTNCd2lkdGglM0ExMDAlMjUlM0Jhc3BlY3QtcmF0aW8lM0ExNiUyRjklM0JvdmVyZmxvdyUzQWhpZGRlbiUzQmJhY2tncm91bmQlM0ElMjMwMDAlM0IlMjIlM0UlMEElMEElMjAlMjAlM0NpZnJhbWUlMEElMjAlMjAlMjAlMjBsb2FkaW5nJTNEJTIybGF6eSUyMiUwQSUyMCUyMCUyMCUyMHNyYyUzRCUyMmh0dHBzJTNBJTJGJTJGd3d3LnlvdXR1YmUtbm9jb29raWUuY29tJTJGZW1iZWQlMkZDMkhIaVBCeVNpTSUzRmF1dG9wbGF5JTNEMSUyNm11dGUlM0QxJTI2bG9vcCUzRDElMjZwbGF5bGlzdCUzREMySEhpUEJ5U2lNJTI2Y29udHJvbHMlM0QwJTI2bW9kZXN0YnJhbmRpbmclM0QxJTI2cmVsJTNEMCUyNml2X2xvYWRfcG9saWN5JTNEMyUyNnBsYXlzaW5saW5lJTNEMSUyMiUwQSUyMCUyMCUyMCUyMHN0eWxlJTNEJTIycG9zaXRpb24lM0FhYnNvbHV0ZSUzQnRvcCUzQTAlM0JsZWZ0JTNBMCUzQndpZHRoJTNBMTAwJTI1JTNCaGVpZ2h0JTNBMTAwJTI1JTNCYm9yZGVyJTNBMCUzQiUyMiUwQSUyMCUyMCUyMCUyMGFsbG93JTNEJTIyYXV0b3BsYXklM0IlMjBmdWxsc2NyZWVuJTNCJTIwcGljdHVyZS1pbi1waWN0dXJlJTIyJTBBJTIwJTIwJTIwJTIwYWxsb3dmdWxsc2NyZWVuJTNFJTBBJTIwJTIwJTNDJTJGaWZyYW1lJTNFJTBBJTBBJTIwJTIwJTNDZGl2JTIwc3R5bGUlM0QlMjJwb3NpdGlvbiUzQWFic29sdXRlJTNCaW5zZXQlM0EwJTNCei1pbmRleCUzQTIlM0IlMjIlM0UlM0MlMkZkaXYlM0UlMEElMEElM0MlMkZkaXYlM0U=[\/vc_raw_html][\/vc_column][\/vc_row][vc_row css_animation=&#8221;&#8221; row_type=&#8221;row&#8221; use_row_as_full_screen_section=&#8221;no&#8221; type=&#8221;grid&#8221; angled_section=&#8221;no&#8221; text_align=&#8221;left&#8221; background_image_as_pattern=&#8221;without_pattern&#8221; background_color=&#8221;#ffffff&#8221; padding_top=&#8221;42&#8243;][vc_column]<div class=\"custom_font_holder\" style=\"font-family: Lato; font-size: 64px; line-height: 67px; font-style: normal; font-weight: 900; text-decoration: none; text-align: left;\"><span style=\"color: #0055b2;\">AQUA VIVA<\/span><span style=\"color: #161616;\"> globinski sesalnik z vodnim filtrom<\/span> <span style=\"color: #0055b2;\">za vsak dom.<\/span><\/div>[vc_separator type=&#8221;small&#8221; position=&#8221;left&#8221; up=&#8221;42&#8243; down=&#8221;42&#8243;][vc_column_text]<\/p>\n<p style=\"font-size: 18px;\">Aqua Viva je ve\u010dnamenski \u010distilni sistem nove generacije za \u010di\u0161\u010denje va\u0161ih prostorov in zraka.<\/p>\n<p style=\"font-size: 18px;\">Aqua Viva globinski sesalnik z vodnim filtrom z mo\u010djo vode globinsko o\u010disti prostor, v katerem \u017eivimo, in opere zrak, enako kot to stori narava. Prah, alergene in drugo umazanijo ujame v vodo in ustvari sve\u017e zrak ter prijetnej\u0161e bivanje.<\/p>\n<p>&nbsp;<\/p>\n<p style=\"font-size: 18px;\">Aqua Viva globinski sesalnik z vodnim filtrom je odli\u010dna izbira za ljudi z boleznimi dihal (astma, bronhitis, pogosti prehladi&#8230;), ljudi z boleznimi srca in o\u017eilja, za starej\u0161o populacijo in vse, ki jih pestijo razne alergije, po njem pa redno segajo tudi lastniki hi\u0161nih ljubljen\u010dkov.<\/p>\n<p>&nbsp;<\/p>\n<p style=\"font-size: 18px;\">Cenjen je po svoji vsestranski uporabnosti, saj poleg osnovnega suhega in mokrega sesanja nudi \u010di\u0161\u010denje in filtriranje zraka, aromaterapijo, inhalacijo, vla\u017eenje prostora, globinsko \u010di\u0161\u010denje vseh vrst tekstilnih povr\u0161in in oblazinjenega pohi\u0161tva.<\/p>\n<p>[\/vc_column_text][vc_separator type=&#8221;transparent&#8221; up=&#8221;19&#8243; down=&#8221;0&#8243;][vc_gallery type=&#8221;image_grid&#8221; images=&#8221;16140,16141,16147&#8243; img_size=&#8221;large&#8221; css_animation=&#8221;none&#8221; column_number=&#8221;3&#8243; grayscale=&#8221;yes&#8221; images_space=&#8221;gallery_with_space&#8221;][vc_separator type=&#8221;small&#8221; position=&#8221;left&#8221; up=&#8221;57&#8243; down=&#8221;42&#8243;][\/vc_column][\/vc_row][vc_row css_animation=&#8221;&#8221; row_type=&#8221;row&#8221; use_row_as_full_screen_section=&#8221;no&#8221; type=&#8221;grid&#8221; angled_section=&#8221;no&#8221; text_align=&#8221;left&#8221; background_image_as_pattern=&#8221;without_pattern&#8221; background_color=&#8221;#ffffff&#8221; padding_top=&#8221;0&#8243;][vc_column][vc_column_text]<\/p>\n<h2><span style=\"color: #0055b2;\">Na kaj smo najbolj ponosni?<\/span><span style=\"color: #0055b2;\"><strong>\u00a0<\/strong><\/span><\/h2>\n<p>[\/vc_column_text][vc_separator type=&#8221;transparent&#8221; up=&#8221;12&#8243; down=&#8221;0&#8243;][vc_column_text]<\/p>\n<p style=\"font-size: 18px;\">Ponosni smo na desetletje na\u0161ega dela in da smo Aqua Viva globinski sesalnik razvili in naredili v Sloveniji. Aqua Viva globinski sesalnik je leta 2014 prejel priznanje za najbolj\u0161o inovacijo, tehnologijo in oblikovanje.<\/p>\n<p>[\/vc_column_text][vc_separator type=&#8221;transparent&#8221; up=&#8221;51&#8243; down=&#8221;0&#8243;]<div class=\"custom_font_holder\" style=\"font-family: Lato; font-size: 34px; line-height: 36px; font-style: normal; font-weight: 900; text-decoration: none; text-align: left;\"><span style=\"color: #0055b2;\">Z va\u0161o odlo\u010ditvijo<\/span><span style=\"color: #161616;\"> o nakupu \u010distilnega sistema Aqua Viva ste postali del na\u0161e dru\u017eine, ki ceni<\/span> <span style=\"color: #0055b2;\">zdravo bivalno okolje,<\/span> u\u010dinkovitost ter <span style=\"color: #0055b2;\">kvaliteto.<\/span><\/div>[vc_separator type=&#8221;transparent&#8221; up=&#8221;51&#8243; down=&#8221;0&#8243;][\/vc_column][\/vc_row][vc_row css_animation=&#8221;&#8221; row_type=&#8221;row&#8221; use_row_as_full_screen_section=&#8221;no&#8221; type=&#8221;full_width&#8221; angled_section=&#8221;no&#8221; text_align=&#8221;left&#8221; background_image_as_pattern=&#8221;without_pattern&#8221;][vc_column]<div class=\"call_to_action normal\" style=\"\"><div class=\"container_inner\"><div class=\"two_columns_75_25 clearfix\"><div class=\"text_wrapper column1\"><div class=\"call_to_action_text \" style=\"\">\u017delite brezpla\u010dno globinsko \u010di\u0161\u010denje va\u0161e vzmetnice?<\/div><\/div><div class=\"button_wrapper column2\"><a itemprop=\"url\" href=\"https:\/\/www.aquavivasystem.com\/sl\/kontakt\/\" class=\"qbutton white \" target=\"_self\" style=\"\" data-hover-background-color=#81d742 >kontaktirajte nas<\/a><\/div><\/div><\/div><\/div>[\/vc_column][\/vc_row]<\/p>\n","protected":false},"excerpt":{"rendered":"<p>[vc_row css_animation=&#8221;&#8221; row_type=&#8221;row&#8221; use_row_as_full_screen_section=&#8221;no&#8221; type=&#8221;full_width&#8221; angled_section=&#8221;no&#8221; text_align=&#8221;left&#8221; background_image_as_pattern=&#8221;without_pattern&#8221;][vc_column][vc_raw_html]JTNDZGl2JTIwc3R5bGUlM0QlMjJwb3NpdGlvbiUzQXJlbGF0aXZlJTNCd2lkdGglM0ExMDAlMjUlM0Jhc3BlY3QtcmF0aW8lM0ExNiUyRjklM0JvdmVyZmxvdyUzQWhpZGRlbiUzQmJhY2tncm91bmQlM0ElMjMwMDAlM0IlMjIlM0UlMEElMEElMjAlMjAlM0NpZnJhbWUlMEElMjAlMjAlMjAlMjBsb2FkaW5nJTNEJTIybGF6eSUyMiUwQSUyMCUyMCUyMCUyMHNyYyUzRCUyMmh0dHBzJTNBJTJGJTJGd3d3LnlvdXR1YmUtbm9jb29raWUuY29tJTJGZW1iZWQlMkZDMkhIaVBCeVNpTSUzRmF1dG9wbGF5JTNEMSUyNm11dGUlM0QxJTI2bG9vcCUzRDElMjZwbGF5bGlzdCUzREMySEhpUEJ5U2lNJTI2Y29udHJvbHMlM0QwJTI2bW9kZXN0YnJhbmRpbmclM0QxJTI2cmVsJTNEMCUyNml2X2xvYWRfcG9saWN5JTNEMyUyNnBsYXlzaW5saW5lJTNEMSUyMiUwQSUyMCUyMCUyMCUyMHN0eWxlJTNEJTIycG9zaXRpb24lM0FhYnNvbHV0ZSUzQnRvcCUzQTAlM0JsZWZ0JTNBMCUzQndpZHRoJTNBMTAwJTI1JTNCaGVpZ2h0JTNBMTAwJTI1JTNCYm9yZGVyJTNBMCUzQiUyMiUwQSUyMCUyMCUyMCUyMGFsbG93JTNEJTIyYXV0b3BsYXklM0IlMjBmdWxsc2NyZWVuJTNCJTIwcGljdHVyZS1pbi1waWN0dXJlJTIyJTBBJTIwJTIwJTIwJTIwYWxsb3dmdWxsc2NyZWVuJTNFJTBBJTIwJTIwJTNDJTJGaWZyYW1lJTNFJTBBJTBBJTIwJTIwJTNDZGl2JTIwc3R5bGUlM0QlMjJwb3NpdGlvbiUzQWFic29sdXRlJTNCaW5zZXQlM0EwJTNCei1pbmRleCUzQTIlM0IlMjIlM0UlM0MlMkZkaXYlM0UlMEElMEElM0MlMkZkaXYlM0U=[\/vc_raw_html][\/vc_column][\/vc_row][vc_row css_animation=&#8221;&#8221; row_type=&#8221;row&#8221; use_row_as_full_screen_section=&#8221;no&#8221; type=&#8221;grid&#8221; angled_section=&#8221;no&#8221; text_align=&#8221;left&#8221; background_image_as_pattern=&#8221;without_pattern&#8221; background_color=&#8221;#ffffff&#8221; padding_top=&#8221;42&#8243;][vc_column][vc_separator type=&#8221;small&#8221; position=&#8221;left&#8221; up=&#8221;42&#8243; down=&#8221;42&#8243;][vc_column_text] Aqua Viva je ve\u010dnamenski \u010distilni sistem nove generacije za \u010di\u0161\u010denje va\u0161ih prostorov in zraka. Aqua Viva globinski sesalnik z vodnim filtrom z mo\u010djo vode&#8230;<\/p>\n","protected":false},"author":1,"featured_media":0,"parent":0,"menu_order":0,"comment_status":"open","ping_status":"open","template":"full_width.php","meta":{"_uf_show_specific_survey":0,"_uf_disable_surveys":false,"footnotes":""},"class_list":["post-16100","page","type-page","status-publish","hentry"],"_links":{"self":[{"href":"https:\/\/www.aquavivasystem.com\/sl\/wp-json\/wp\/v2\/pages\/16100","targetHints":{"allow":["GET"]}}],"collection":[{"href":"https:\/\/www.aquavivasystem.com\/sl\/wp-json\/wp\/v2\/pages"}],"about":[{"href":"https:\/\/www.aquavivasystem.com\/sl\/wp-json\/wp\/v2\/types\/page"}],"author":[{"embeddable":true,"href":"https:\/\/www.aquavivasystem.com\/sl\/wp-json\/wp\/v2\/users\/1"}],"replies":[{"embeddable":true,"href":"https:\/\/www.aquavivasystem.com\/sl\/wp-json\/wp\/v2\/comments?post=16100"}],"version-history":[{"count":26,"href":"https:\/\/www.aquavivasystem.com\/sl\/wp-json\/wp\/v2\/pages\/16100\/revisions"}],"predecessor-version":[{"id":16724,"href":"https:\/\/www.aquavivasystem.com\/sl\/wp-json\/wp\/v2\/pages\/16100\/revisions\/16724"}],"wp:attachment":[{"href":"https:\/\/www.aquavivasystem.com\/sl\/wp-json\/wp\/v2\/media?parent=16100"}],"curies":[{"name":"wp","href":"https:\/\/api.w.org\/{rel}","templated":true}]}}